{"id":2340,"date":"2021-02-09T13:58:34","date_gmt":"2021-02-09T13:58:34","guid":{"rendered":"https:\/\/guenaelfassier.com\/shop\/uncategorized\/mask-apasa-yoruba-2\/"},"modified":"2021-02-09T13:58:34","modified_gmt":"2021-02-09T13:58:34","slug":"mask-apasa-yoruba-2","status":"publish","type":"product","link":"https:\/\/guenaelfassier.com\/en\/produit\/mask-apasa-yoruba-2\/","title":{"rendered":"Mask Apasa Yoruba"},"content":{"rendered":"<p>Mask Apasa Yoruba, wood and mineral polychromy, dry patina.<\/p>\n<p>H: 22,4 in l: 11,8 in<\/p>\n<p>This dance crest mask is commonly called Apasa. It is dedicated to the Oro fetish. Its style is characteristic of Yoruba sculpture from the Egbado region. He takes part in ceremonies dedicated to Oro, a protective fetish of a village prohibited from seeing women. He can also intervene at the end of the nocturnal G\u00e8l\u00e8d\u00e9 ceremonies (cult of Mothers, mystical power of the creative woman and witch) in order to create the patriarchal counterpart to this matriarchal ceremony. We see the representation of the ceremonial &#8220;gangan&#8221; drum and a rabbit. We also notice the design of a western royal crown, inside each ear. This mask may have been sculpted in order to tell the story of a protocol visit.<\/p>\n<p>Provenance: Former private Corsican collection, former P. Terrier collection (France).<\/p>\n<p>First half of the 20th century.<\/p>\n","protected":false},"excerpt":{"rendered":"<p>Mask Apasa Yoruba, wood and mineral polychromy, dry patina. H: 22,4 in l: 11,8 in This dance crest mask is commonly called Apasa. It is dedicated to the Oro fetish. Its style is characteristic of Yoruba sculpture from the Egbado region. He takes part in ceremonies dedicated to Oro, a protective fetish of a village prohibited from seeing women. He [&hellip;]<\/p>\n","protected":false},"featured_media":2329,"comment_status":"closed","ping_status":"closed","template":"","meta":[],"product_brand":[],"product_cat":[89,94,101,110],"product_tag":[],"class_list":{"0":"post-2340","1":"product","2":"type-product","3":"status-publish","4":"has-post-thumbnail","6":"product_cat-articlescatalog","7":"product_cat-mask","8":"product_cat-country","9":"product_cat-nigeria-en","11":"first","12":"outofstock","13":"shipping-taxable","14":"product-type-simple"},"yoast_head":"<!-- This site is optimized with the Yoast SEO plugin v27.0 - https:\/\/yoast.com\/product\/yoast-seo-wordpress\/ -->\n<title>Mask Apasa Yoruba | Galerie Agama<\/title>\n<meta name=\"robots\" content=\"index, follow, max-snippet:-1, max-image-preview:large, max-video-preview:-1\" \/>\n<link rel=\"canonical\" href=\"https:\/\/guenaelfassier.com\/en\/produit\/mask-apasa-yoruba-2\/\" \/>\n<meta property=\"og:locale\" content=\"en_US\" \/>\n<meta property=\"og:type\" content=\"article\" \/>\n<meta property=\"og:title\" content=\"Mask Apasa Yoruba | Galerie Agama\" \/>\n<meta property=\"og:description\" content=\"Mask Apasa Yoruba, wood and mineral polychromy, dry patina. H: 22,4 in l: 11,8 in This dance crest mask is commonly called Apasa. It is dedicated to the Oro fetish. Its style is characteristic of Yoruba sculpture from the Egbado region. He takes part in ceremonies dedicated to Oro, a protective fetish of a village prohibited from seeing women. He [&hellip;]\" \/>\n<meta property=\"og:url\" content=\"https:\/\/guenaelfassier.com\/en\/produit\/mask-apasa-yoruba-2\/\" \/>\n<meta property=\"og:site_name\" content=\"Galerie Agama\" \/>\n<meta property=\"article:publisher\" content=\"https:\/\/www.facebook.com\/galerie.agama\" \/>\n<meta property=\"og:image\" content=\"https:\/\/guenaelfassier.com\/wp-content\/uploads\/2021\/02\/IMG_2107.jpg\" \/>\n\t<meta property=\"og:image:width\" content=\"1200\" \/>\n\t<meta property=\"og:image:height\" content=\"1200\" \/>\n\t<meta property=\"og:image:type\" content=\"image\/jpeg\" \/>\n<meta name=\"twitter:label1\" content=\"Est. reading time\" \/>\n\t<meta name=\"twitter:data1\" content=\"1 minute\" \/>\n<script type=\"application\/ld+json\" class=\"yoast-schema-graph\">{\"@context\":\"https:\/\/schema.org\",\"@graph\":[{\"@type\":[\"WebPage\",\"ItemPage\"],\"@id\":\"https:\/\/guenaelfassier.com\/en\/produit\/mask-apasa-yoruba-2\/\",\"url\":\"https:\/\/guenaelfassier.com\/en\/produit\/mask-apasa-yoruba-2\/\",\"name\":\"Mask Apasa Yoruba | Galerie Agama\",\"isPartOf\":{\"@id\":\"https:\/\/guenaelfassier.com\/en\/#website\"},\"primaryImageOfPage\":{\"@id\":\"https:\/\/guenaelfassier.com\/en\/produit\/mask-apasa-yoruba-2\/#primaryimage\"},\"image\":{\"@id\":\"https:\/\/guenaelfassier.com\/en\/produit\/mask-apasa-yoruba-2\/#primaryimage\"},\"thumbnailUrl\":\"https:\/\/guenaelfassier.com\/wp-content\/uploads\/2021\/02\/IMG_2107.jpg\",\"datePublished\":\"2021-02-09T13:58:34+00:00\",\"breadcrumb\":{\"@id\":\"https:\/\/guenaelfassier.com\/en\/produit\/mask-apasa-yoruba-2\/#breadcrumb\"},\"inLanguage\":\"en-US\",\"potentialAction\":[{\"@type\":\"ReadAction\",\"target\":[\"https:\/\/guenaelfassier.com\/en\/produit\/mask-apasa-yoruba-2\/\"]}]},{\"@type\":\"ImageObject\",\"inLanguage\":\"en-US\",\"@id\":\"https:\/\/guenaelfassier.com\/en\/produit\/mask-apasa-yoruba-2\/#primaryimage\",\"url\":\"https:\/\/guenaelfassier.com\/wp-content\/uploads\/2021\/02\/IMG_2107.jpg\",\"contentUrl\":\"https:\/\/guenaelfassier.com\/wp-content\/uploads\/2021\/02\/IMG_2107.jpg\",\"width\":1200,\"height\":1200,\"caption\":\"mask Yoruba\"},{\"@type\":\"BreadcrumbList\",\"@id\":\"https:\/\/guenaelfassier.com\/en\/produit\/mask-apasa-yoruba-2\/#breadcrumb\",\"itemListElement\":[{\"@type\":\"ListItem\",\"position\":1,\"name\":\"Accueil\",\"item\":\"https:\/\/guenaelfassier.com\/en\/?page_id=363\"},{\"@type\":\"ListItem\",\"position\":2,\"name\":\"Shop\",\"item\":\"https:\/\/guenaelfassier.com\/en\/?page_id=271\"},{\"@type\":\"ListItem\",\"position\":3,\"name\":\"Mask Apasa Yoruba\"}]},{\"@type\":\"WebSite\",\"@id\":\"https:\/\/guenaelfassier.com\/en\/#website\",\"url\":\"https:\/\/guenaelfassier.com\/en\/\",\"name\":\"Galerie Agama\",\"description\":\"Arts premier - Arts contemporains | Expositions, expertise, achat et vente\",\"publisher\":{\"@id\":\"https:\/\/guenaelfassier.com\/en\/#organization\"},\"potentialAction\":[{\"@type\":\"SearchAction\",\"target\":{\"@type\":\"EntryPoint\",\"urlTemplate\":\"https:\/\/guenaelfassier.com\/en\/?s={search_term_string}\"},\"query-input\":{\"@type\":\"PropertyValueSpecification\",\"valueRequired\":true,\"valueName\":\"search_term_string\"}}],\"inLanguage\":\"en-US\"},{\"@type\":\"Organization\",\"@id\":\"https:\/\/guenaelfassier.com\/en\/#organization\",\"name\":\"Gu\u00e9na\u00ebl Fassier\",\"url\":\"https:\/\/guenaelfassier.com\/en\/\",\"logo\":{\"@type\":\"ImageObject\",\"inLanguage\":\"en-US\",\"@id\":\"https:\/\/guenaelfassier.com\/en\/#\/schema\/logo\/image\/\",\"url\":\"https:\/\/guenaelfassier.com\/wp-content\/uploads\/2019\/10\/favicon.png\",\"contentUrl\":\"https:\/\/guenaelfassier.com\/wp-content\/uploads\/2019\/10\/favicon.png\",\"width\":32,\"height\":32,\"caption\":\"Gu\u00e9na\u00ebl Fassier\"},\"image\":{\"@id\":\"https:\/\/guenaelfassier.com\/en\/#\/schema\/logo\/image\/\"},\"sameAs\":[\"https:\/\/www.facebook.com\/galerie.agama\"]}]}<\/script>\n<!-- \/ Yoast SEO plugin. -->","yoast_head_json":{"title":"Mask Apasa Yoruba | Galerie Agama","robots":{"index":"index","follow":"follow","max-snippet":"max-snippet:-1","max-image-preview":"max-image-preview:large","max-video-preview":"max-video-preview:-1"},"canonical":"https:\/\/guenaelfassier.com\/en\/produit\/mask-apasa-yoruba-2\/","og_locale":"en_US","og_type":"article","og_title":"Mask Apasa Yoruba | Galerie Agama","og_description":"Mask Apasa Yoruba, wood and mineral polychromy, dry patina. H: 22,4 in l: 11,8 in This dance crest mask is commonly called Apasa. It is dedicated to the Oro fetish. Its style is characteristic of Yoruba sculpture from the Egbado region. He takes part in ceremonies dedicated to Oro, a protective fetish of a village prohibited from seeing women. He [&hellip;]","og_url":"https:\/\/guenaelfassier.com\/en\/produit\/mask-apasa-yoruba-2\/","og_site_name":"Galerie Agama","article_publisher":"https:\/\/www.facebook.com\/galerie.agama","og_image":[{"width":1200,"height":1200,"url":"https:\/\/guenaelfassier.com\/wp-content\/uploads\/2021\/02\/IMG_2107.jpg","type":"image\/jpeg"}],"twitter_misc":{"Est. reading time":"1 minute"},"schema":{"@context":"https:\/\/schema.org","@graph":[{"@type":["WebPage","ItemPage"],"@id":"https:\/\/guenaelfassier.com\/en\/produit\/mask-apasa-yoruba-2\/","url":"https:\/\/guenaelfassier.com\/en\/produit\/mask-apasa-yoruba-2\/","name":"Mask Apasa Yoruba | Galerie Agama","isPartOf":{"@id":"https:\/\/guenaelfassier.com\/en\/#website"},"primaryImageOfPage":{"@id":"https:\/\/guenaelfassier.com\/en\/produit\/mask-apasa-yoruba-2\/#primaryimage"},"image":{"@id":"https:\/\/guenaelfassier.com\/en\/produit\/mask-apasa-yoruba-2\/#primaryimage"},"thumbnailUrl":"https:\/\/guenaelfassier.com\/wp-content\/uploads\/2021\/02\/IMG_2107.jpg","datePublished":"2021-02-09T13:58:34+00:00","breadcrumb":{"@id":"https:\/\/guenaelfassier.com\/en\/produit\/mask-apasa-yoruba-2\/#breadcrumb"},"inLanguage":"en-US","potentialAction":[{"@type":"ReadAction","target":["https:\/\/guenaelfassier.com\/en\/produit\/mask-apasa-yoruba-2\/"]}]},{"@type":"ImageObject","inLanguage":"en-US","@id":"https:\/\/guenaelfassier.com\/en\/produit\/mask-apasa-yoruba-2\/#primaryimage","url":"https:\/\/guenaelfassier.com\/wp-content\/uploads\/2021\/02\/IMG_2107.jpg","contentUrl":"https:\/\/guenaelfassier.com\/wp-content\/uploads\/2021\/02\/IMG_2107.jpg","width":1200,"height":1200,"caption":"mask Yoruba"},{"@type":"BreadcrumbList","@id":"https:\/\/guenaelfassier.com\/en\/produit\/mask-apasa-yoruba-2\/#breadcrumb","itemListElement":[{"@type":"ListItem","position":1,"name":"Accueil","item":"https:\/\/guenaelfassier.com\/en\/?page_id=363"},{"@type":"ListItem","position":2,"name":"Shop","item":"https:\/\/guenaelfassier.com\/en\/?page_id=271"},{"@type":"ListItem","position":3,"name":"Mask Apasa Yoruba"}]},{"@type":"WebSite","@id":"https:\/\/guenaelfassier.com\/en\/#website","url":"https:\/\/guenaelfassier.com\/en\/","name":"Galerie Agama","description":"Arts premier - Arts contemporains | Expositions, expertise, achat et vente","publisher":{"@id":"https:\/\/guenaelfassier.com\/en\/#organization"},"potentialAction":[{"@type":"SearchAction","target":{"@type":"EntryPoint","urlTemplate":"https:\/\/guenaelfassier.com\/en\/?s={search_term_string}"},"query-input":{"@type":"PropertyValueSpecification","valueRequired":true,"valueName":"search_term_string"}}],"inLanguage":"en-US"},{"@type":"Organization","@id":"https:\/\/guenaelfassier.com\/en\/#organization","name":"Gu\u00e9na\u00ebl Fassier","url":"https:\/\/guenaelfassier.com\/en\/","logo":{"@type":"ImageObject","inLanguage":"en-US","@id":"https:\/\/guenaelfassier.com\/en\/#\/schema\/logo\/image\/","url":"https:\/\/guenaelfassier.com\/wp-content\/uploads\/2019\/10\/favicon.png","contentUrl":"https:\/\/guenaelfassier.com\/wp-content\/uploads\/2019\/10\/favicon.png","width":32,"height":32,"caption":"Gu\u00e9na\u00ebl Fassier"},"image":{"@id":"https:\/\/guenaelfassier.com\/en\/#\/schema\/logo\/image\/"},"sameAs":["https:\/\/www.facebook.com\/galerie.agama"]}]}},"_links":{"self":[{"href":"https:\/\/guenaelfassier.com\/en\/wp-json\/wp\/v2\/product\/2340","targetHints":{"allow":["GET"]}}],"collection":[{"href":"https:\/\/guenaelfassier.com\/en\/wp-json\/wp\/v2\/product"}],"about":[{"href":"https:\/\/guenaelfassier.com\/en\/wp-json\/wp\/v2\/types\/product"}],"replies":[{"embeddable":true,"href":"https:\/\/guenaelfassier.com\/en\/wp-json\/wp\/v2\/comments?post=2340"}],"wp:featuredmedia":[{"embeddable":true,"href":"https:\/\/guenaelfassier.com\/en\/wp-json\/wp\/v2\/media\/2329"}],"wp:attachment":[{"href":"https:\/\/guenaelfassier.com\/en\/wp-json\/wp\/v2\/media?parent=2340"}],"wp:term":[{"taxonomy":"product_brand","embeddable":true,"href":"https:\/\/guenaelfassier.com\/en\/wp-json\/wp\/v2\/product_brand?post=2340"},{"taxonomy":"product_cat","embeddable":true,"href":"https:\/\/guenaelfassier.com\/en\/wp-json\/wp\/v2\/product_cat?post=2340"},{"taxonomy":"product_tag","embeddable":true,"href":"https:\/\/guenaelfassier.com\/en\/wp-json\/wp\/v2\/product_tag?post=2340"}],"curies":[{"name":"wp","href":"https:\/\/api.w.org\/{rel}","templated":true}]}}