{"id":1722,"date":"2020-02-19T16:09:55","date_gmt":"2020-02-19T16:09:55","guid":{"rendered":"https:\/\/guenaelfassier.com\/shop\/uncategorized\/gelede-anago-mask-benin-wood-and-mineral-polychromy\/"},"modified":"2020-05-09T10:26:00","modified_gmt":"2020-05-09T10:26:00","slug":"gelede-anago-mask-benin-wood-and-mineral-polychromy","status":"publish","type":"product","link":"https:\/\/guenaelfassier.com\/en\/produit\/gelede-anago-mask-benin-wood-and-mineral-polychromy\/","title":{"rendered":"G\u00e8l\u00e8d\u00e9 mask, Nigeria, wood and mineral polychromy"},"content":{"rendered":"<p>G\u00e8l\u00e8d\u00e9 mask, Nig\u00e9ria (Egbado area), wood and mineral polychromy<br \/>\nH: 15 in W: 14,6 in<br \/>\nMask from the ritual society G\u00e8l\u00e8d\u00e9, illustrating the cult of &#8220;Mothers&#8221;, or witches. The ceremony is made up of two phases, the night dedicated to the representation of the deities and the day, dedicated to community celebrations, with diversified representations. This day mask, represents a male character performing a gymnastic movement of \u00ab\u00a0bridge\u00a0\u00bb. It could represent of a &#8220;ritual trance&#8221;.<br \/>\nFirst half of the 20th century.<\/p>\n","protected":false},"excerpt":{"rendered":"<p>G\u00e8l\u00e8d\u00e9 mask, Nig\u00e9ria (Egbado area), wood and mineral polychromy H: 15 in W: 14,6 in Mask from the ritual society G\u00e8l\u00e8d\u00e9, illustrating the cult of &#8220;Mothers&#8221;, or witches. The ceremony is made up of two phases, the night dedicated to the representation of the deities and the day, dedicated to community celebrations, with diversified representations. This day mask, represents a [&hellip;]<\/p>\n","protected":false},"featured_media":1705,"comment_status":"closed","ping_status":"closed","template":"","meta":[],"product_brand":[],"product_cat":[94,110],"product_tag":[],"class_list":{"0":"post-1722","1":"product","2":"type-product","3":"status-publish","4":"has-post-thumbnail","6":"product_cat-mask","7":"product_cat-nigeria-en","9":"first","10":"outofstock","11":"shipping-taxable","12":"product-type-simple"},"yoast_head":"<!-- This site is optimized with the Yoast SEO plugin v27.0 - https:\/\/yoast.com\/product\/yoast-seo-wordpress\/ -->\n<title>G\u00e8l\u00e8d\u00e9 mask, Nigeria, wood and mineral polychromy | Galerie Agama<\/title>\n<meta name=\"description\" content=\"Mask from the ritual society G\u00e8l\u00e8d\u00e9 yoruba Benin, illustrating the cult of &quot;Mothers&quot;, or witches. The ceremony is made up of two phases...\" \/>\n<meta name=\"robots\" content=\"index, follow, max-snippet:-1, max-image-preview:large, max-video-preview:-1\" \/>\n<link rel=\"canonical\" href=\"https:\/\/guenaelfassier.com\/en\/produit\/gelede-anago-mask-benin-wood-and-mineral-polychromy\/\" \/>\n<meta property=\"og:locale\" content=\"en_US\" \/>\n<meta property=\"og:type\" content=\"article\" \/>\n<meta property=\"og:title\" content=\"G\u00e8l\u00e8d\u00e9 mask, Nigeria, wood and mineral polychromy | Galerie Agama\" \/>\n<meta property=\"og:description\" content=\"Mask from the ritual society G\u00e8l\u00e8d\u00e9 yoruba Benin, illustrating the cult of &quot;Mothers&quot;, or witches. The ceremony is made up of two phases...\" \/>\n<meta property=\"og:url\" content=\"https:\/\/guenaelfassier.com\/en\/produit\/gelede-anago-mask-benin-wood-and-mineral-polychromy\/\" \/>\n<meta property=\"og:site_name\" content=\"Galerie Agama\" \/>\n<meta property=\"article:publisher\" content=\"https:\/\/www.facebook.com\/galerie.agama\" \/>\n<meta property=\"article:modified_time\" content=\"2020-05-09T10:26:00+00:00\" \/>\n<meta property=\"og:image\" content=\"https:\/\/guenaelfassier.com\/wp-content\/uploads\/2020\/02\/masque-gelede-anago-1.jpg\" \/>\n\t<meta property=\"og:image:width\" content=\"1200\" \/>\n\t<meta property=\"og:image:height\" content=\"1467\" \/>\n\t<meta property=\"og:image:type\" content=\"image\/jpeg\" \/>\n<script type=\"application\/ld+json\" class=\"yoast-schema-graph\">{\"@context\":\"https:\/\/schema.org\",\"@graph\":[{\"@type\":[\"WebPage\",\"ItemPage\"],\"@id\":\"https:\/\/guenaelfassier.com\/en\/produit\/gelede-anago-mask-benin-wood-and-mineral-polychromy\/\",\"url\":\"https:\/\/guenaelfassier.com\/en\/produit\/gelede-anago-mask-benin-wood-and-mineral-polychromy\/\",\"name\":\"G\u00e8l\u00e8d\u00e9 mask, Nigeria, wood and mineral polychromy | Galerie Agama\",\"isPartOf\":{\"@id\":\"https:\/\/guenaelfassier.com\/en\/#website\"},\"primaryImageOfPage\":{\"@id\":\"https:\/\/guenaelfassier.com\/en\/produit\/gelede-anago-mask-benin-wood-and-mineral-polychromy\/#primaryimage\"},\"image\":{\"@id\":\"https:\/\/guenaelfassier.com\/en\/produit\/gelede-anago-mask-benin-wood-and-mineral-polychromy\/#primaryimage\"},\"thumbnailUrl\":\"https:\/\/guenaelfassier.com\/wp-content\/uploads\/2020\/02\/masque-gelede-anago-1.jpg\",\"datePublished\":\"2020-02-19T16:09:55+00:00\",\"dateModified\":\"2020-05-09T10:26:00+00:00\",\"description\":\"Mask from the ritual society G\u00e8l\u00e8d\u00e9 yoruba Benin, illustrating the cult of \\\"Mothers\\\", or witches. The ceremony is made up of two phases...\",\"breadcrumb\":{\"@id\":\"https:\/\/guenaelfassier.com\/en\/produit\/gelede-anago-mask-benin-wood-and-mineral-polychromy\/#breadcrumb\"},\"inLanguage\":\"en-US\",\"potentialAction\":[{\"@type\":\"ReadAction\",\"target\":[\"https:\/\/guenaelfassier.com\/en\/produit\/gelede-anago-mask-benin-wood-and-mineral-polychromy\/\"]}]},{\"@type\":\"ImageObject\",\"inLanguage\":\"en-US\",\"@id\":\"https:\/\/guenaelfassier.com\/en\/produit\/gelede-anago-mask-benin-wood-and-mineral-polychromy\/#primaryimage\",\"url\":\"https:\/\/guenaelfassier.com\/wp-content\/uploads\/2020\/02\/masque-gelede-anago-1.jpg\",\"contentUrl\":\"https:\/\/guenaelfassier.com\/wp-content\/uploads\/2020\/02\/masque-gelede-anago-1.jpg\",\"width\":1200,\"height\":1467,\"caption\":\"gelede-yoruba-mask\"},{\"@type\":\"BreadcrumbList\",\"@id\":\"https:\/\/guenaelfassier.com\/en\/produit\/gelede-anago-mask-benin-wood-and-mineral-polychromy\/#breadcrumb\",\"itemListElement\":[{\"@type\":\"ListItem\",\"position\":1,\"name\":\"Accueil\",\"item\":\"https:\/\/guenaelfassier.com\/en\/?page_id=363\"},{\"@type\":\"ListItem\",\"position\":2,\"name\":\"Shop\",\"item\":\"https:\/\/guenaelfassier.com\/en\/?page_id=271\"},{\"@type\":\"ListItem\",\"position\":3,\"name\":\"G\u00e8l\u00e8d\u00e9 mask, Nigeria, wood and mineral polychromy\"}]},{\"@type\":\"WebSite\",\"@id\":\"https:\/\/guenaelfassier.com\/en\/#website\",\"url\":\"https:\/\/guenaelfassier.com\/en\/\",\"name\":\"Galerie Agama\",\"description\":\"Arts premier - Arts contemporains | Expositions, expertise, achat et vente\",\"publisher\":{\"@id\":\"https:\/\/guenaelfassier.com\/en\/#organization\"},\"potentialAction\":[{\"@type\":\"SearchAction\",\"target\":{\"@type\":\"EntryPoint\",\"urlTemplate\":\"https:\/\/guenaelfassier.com\/en\/?s={search_term_string}\"},\"query-input\":{\"@type\":\"PropertyValueSpecification\",\"valueRequired\":true,\"valueName\":\"search_term_string\"}}],\"inLanguage\":\"en-US\"},{\"@type\":\"Organization\",\"@id\":\"https:\/\/guenaelfassier.com\/en\/#organization\",\"name\":\"Gu\u00e9na\u00ebl Fassier\",\"url\":\"https:\/\/guenaelfassier.com\/en\/\",\"logo\":{\"@type\":\"ImageObject\",\"inLanguage\":\"en-US\",\"@id\":\"https:\/\/guenaelfassier.com\/en\/#\/schema\/logo\/image\/\",\"url\":\"https:\/\/guenaelfassier.com\/wp-content\/uploads\/2019\/10\/favicon.png\",\"contentUrl\":\"https:\/\/guenaelfassier.com\/wp-content\/uploads\/2019\/10\/favicon.png\",\"width\":32,\"height\":32,\"caption\":\"Gu\u00e9na\u00ebl Fassier\"},\"image\":{\"@id\":\"https:\/\/guenaelfassier.com\/en\/#\/schema\/logo\/image\/\"},\"sameAs\":[\"https:\/\/www.facebook.com\/galerie.agama\"]}]}<\/script>\n<!-- \/ Yoast SEO plugin. -->","yoast_head_json":{"title":"G\u00e8l\u00e8d\u00e9 mask, Nigeria, wood and mineral polychromy | Galerie Agama","description":"Mask from the ritual society G\u00e8l\u00e8d\u00e9 yoruba Benin, illustrating the cult of \"Mothers\", or witches. The ceremony is made up of two phases...","robots":{"index":"index","follow":"follow","max-snippet":"max-snippet:-1","max-image-preview":"max-image-preview:large","max-video-preview":"max-video-preview:-1"},"canonical":"https:\/\/guenaelfassier.com\/en\/produit\/gelede-anago-mask-benin-wood-and-mineral-polychromy\/","og_locale":"en_US","og_type":"article","og_title":"G\u00e8l\u00e8d\u00e9 mask, Nigeria, wood and mineral polychromy | Galerie Agama","og_description":"Mask from the ritual society G\u00e8l\u00e8d\u00e9 yoruba Benin, illustrating the cult of \"Mothers\", or witches. The ceremony is made up of two phases...","og_url":"https:\/\/guenaelfassier.com\/en\/produit\/gelede-anago-mask-benin-wood-and-mineral-polychromy\/","og_site_name":"Galerie Agama","article_publisher":"https:\/\/www.facebook.com\/galerie.agama","article_modified_time":"2020-05-09T10:26:00+00:00","og_image":[{"width":1200,"height":1467,"url":"https:\/\/guenaelfassier.com\/wp-content\/uploads\/2020\/02\/masque-gelede-anago-1.jpg","type":"image\/jpeg"}],"schema":{"@context":"https:\/\/schema.org","@graph":[{"@type":["WebPage","ItemPage"],"@id":"https:\/\/guenaelfassier.com\/en\/produit\/gelede-anago-mask-benin-wood-and-mineral-polychromy\/","url":"https:\/\/guenaelfassier.com\/en\/produit\/gelede-anago-mask-benin-wood-and-mineral-polychromy\/","name":"G\u00e8l\u00e8d\u00e9 mask, Nigeria, wood and mineral polychromy | Galerie Agama","isPartOf":{"@id":"https:\/\/guenaelfassier.com\/en\/#website"},"primaryImageOfPage":{"@id":"https:\/\/guenaelfassier.com\/en\/produit\/gelede-anago-mask-benin-wood-and-mineral-polychromy\/#primaryimage"},"image":{"@id":"https:\/\/guenaelfassier.com\/en\/produit\/gelede-anago-mask-benin-wood-and-mineral-polychromy\/#primaryimage"},"thumbnailUrl":"https:\/\/guenaelfassier.com\/wp-content\/uploads\/2020\/02\/masque-gelede-anago-1.jpg","datePublished":"2020-02-19T16:09:55+00:00","dateModified":"2020-05-09T10:26:00+00:00","description":"Mask from the ritual society G\u00e8l\u00e8d\u00e9 yoruba Benin, illustrating the cult of \"Mothers\", or witches. The ceremony is made up of two phases...","breadcrumb":{"@id":"https:\/\/guenaelfassier.com\/en\/produit\/gelede-anago-mask-benin-wood-and-mineral-polychromy\/#breadcrumb"},"inLanguage":"en-US","potentialAction":[{"@type":"ReadAction","target":["https:\/\/guenaelfassier.com\/en\/produit\/gelede-anago-mask-benin-wood-and-mineral-polychromy\/"]}]},{"@type":"ImageObject","inLanguage":"en-US","@id":"https:\/\/guenaelfassier.com\/en\/produit\/gelede-anago-mask-benin-wood-and-mineral-polychromy\/#primaryimage","url":"https:\/\/guenaelfassier.com\/wp-content\/uploads\/2020\/02\/masque-gelede-anago-1.jpg","contentUrl":"https:\/\/guenaelfassier.com\/wp-content\/uploads\/2020\/02\/masque-gelede-anago-1.jpg","width":1200,"height":1467,"caption":"gelede-yoruba-mask"},{"@type":"BreadcrumbList","@id":"https:\/\/guenaelfassier.com\/en\/produit\/gelede-anago-mask-benin-wood-and-mineral-polychromy\/#breadcrumb","itemListElement":[{"@type":"ListItem","position":1,"name":"Accueil","item":"https:\/\/guenaelfassier.com\/en\/?page_id=363"},{"@type":"ListItem","position":2,"name":"Shop","item":"https:\/\/guenaelfassier.com\/en\/?page_id=271"},{"@type":"ListItem","position":3,"name":"G\u00e8l\u00e8d\u00e9 mask, Nigeria, wood and mineral polychromy"}]},{"@type":"WebSite","@id":"https:\/\/guenaelfassier.com\/en\/#website","url":"https:\/\/guenaelfassier.com\/en\/","name":"Galerie Agama","description":"Arts premier - Arts contemporains | Expositions, expertise, achat et vente","publisher":{"@id":"https:\/\/guenaelfassier.com\/en\/#organization"},"potentialAction":[{"@type":"SearchAction","target":{"@type":"EntryPoint","urlTemplate":"https:\/\/guenaelfassier.com\/en\/?s={search_term_string}"},"query-input":{"@type":"PropertyValueSpecification","valueRequired":true,"valueName":"search_term_string"}}],"inLanguage":"en-US"},{"@type":"Organization","@id":"https:\/\/guenaelfassier.com\/en\/#organization","name":"Gu\u00e9na\u00ebl Fassier","url":"https:\/\/guenaelfassier.com\/en\/","logo":{"@type":"ImageObject","inLanguage":"en-US","@id":"https:\/\/guenaelfassier.com\/en\/#\/schema\/logo\/image\/","url":"https:\/\/guenaelfassier.com\/wp-content\/uploads\/2019\/10\/favicon.png","contentUrl":"https:\/\/guenaelfassier.com\/wp-content\/uploads\/2019\/10\/favicon.png","width":32,"height":32,"caption":"Gu\u00e9na\u00ebl Fassier"},"image":{"@id":"https:\/\/guenaelfassier.com\/en\/#\/schema\/logo\/image\/"},"sameAs":["https:\/\/www.facebook.com\/galerie.agama"]}]}},"_links":{"self":[{"href":"https:\/\/guenaelfassier.com\/en\/wp-json\/wp\/v2\/product\/1722","targetHints":{"allow":["GET"]}}],"collection":[{"href":"https:\/\/guenaelfassier.com\/en\/wp-json\/wp\/v2\/product"}],"about":[{"href":"https:\/\/guenaelfassier.com\/en\/wp-json\/wp\/v2\/types\/product"}],"replies":[{"embeddable":true,"href":"https:\/\/guenaelfassier.com\/en\/wp-json\/wp\/v2\/comments?post=1722"}],"wp:featuredmedia":[{"embeddable":true,"href":"https:\/\/guenaelfassier.com\/en\/wp-json\/wp\/v2\/media\/1705"}],"wp:attachment":[{"href":"https:\/\/guenaelfassier.com\/en\/wp-json\/wp\/v2\/media?parent=1722"}],"wp:term":[{"taxonomy":"product_brand","embeddable":true,"href":"https:\/\/guenaelfassier.com\/en\/wp-json\/wp\/v2\/product_brand?post=1722"},{"taxonomy":"product_cat","embeddable":true,"href":"https:\/\/guenaelfassier.com\/en\/wp-json\/wp\/v2\/product_cat?post=1722"},{"taxonomy":"product_tag","embeddable":true,"href":"https:\/\/guenaelfassier.com\/en\/wp-json\/wp\/v2\/product_tag?post=1722"}],"curies":[{"name":"wp","href":"https:\/\/api.w.org\/{rel}","templated":true}]}}