{"id":1600,"date":"2020-02-13T14:22:58","date_gmt":"2020-02-13T14:22:58","guid":{"rendered":"https:\/\/guenaelfassier.com\/shop\/uncategorized\/kuyu-rattle-congo-wood-and-mineral-polychromy\/"},"modified":"2020-02-13T14:42:37","modified_gmt":"2020-02-13T14:42:37","slug":"kuyu-rattle-congo-wood-and-mineral-polychromy","status":"publish","type":"product","link":"https:\/\/guenaelfassier.com\/en\/produit\/kuyu-rattle-congo-wood-and-mineral-polychromy\/","title":{"rendered":"Kuyu rattle, Congo, wood and mineral polychromy"},"content":{"rendered":"<p>Kuyu rattle, Congo, wood and mineral polychromy<br \/>\nH: 21,2 in<br \/>\nKuyu puppet, Janus, with a nice patina of use and good wood oxidation. Used in the context of the initiation society k\u00e9b\u00e9 k\u00e9b\u00e9.<br \/>\nMid 20th century, ex-private collection (Cannes)<\/p>\n","protected":false},"excerpt":{"rendered":"<p>Kuyu rattle, Congo, wood and mineral polychromy H: 21,2 in Kuyu puppet, Janus, with a nice patina of use and good wood oxidation. Used in the context of the initiation society k\u00e9b\u00e9 k\u00e9b\u00e9. Mid 20th century, ex-private collection (Cannes)<\/p>\n","protected":false},"featured_media":1587,"comment_status":"closed","ping_status":"closed","template":"","meta":[],"product_brand":[],"product_cat":[126,105],"product_tag":[],"class_list":{"0":"post-1600","1":"product","2":"type-product","3":"status-publish","4":"has-post-thumbnail","6":"product_cat-others-sculptures-utulity-pieces","7":"product_cat-congo-en","9":"first","10":"outofstock","11":"shipping-taxable","12":"product-type-simple"},"yoast_head":"<!-- This site is optimized with the Yoast SEO plugin v27.0 - https:\/\/yoast.com\/product\/yoast-seo-wordpress\/ -->\n<title>Kuyu Rattle Congo Wood | Galerie Agama<\/title>\n<meta name=\"description\" content=\"Kuyu rattle, Congo, wood and mineral polychromy. Kuyu puppet, Janus, with a nice patina of use and good wood oxidation. Used in the context of...\" \/>\n<meta name=\"robots\" content=\"index, follow, max-snippet:-1, max-image-preview:large, max-video-preview:-1\" \/>\n<link rel=\"canonical\" href=\"https:\/\/guenaelfassier.com\/en\/produit\/kuyu-rattle-congo-wood-and-mineral-polychromy\/\" \/>\n<meta property=\"og:locale\" content=\"en_US\" \/>\n<meta property=\"og:type\" content=\"article\" \/>\n<meta property=\"og:title\" content=\"Kuyu Rattle Congo Wood | Galerie Agama\" \/>\n<meta property=\"og:description\" content=\"Kuyu rattle, Congo, wood and mineral polychromy. Kuyu puppet, Janus, with a nice patina of use and good wood oxidation. Used in the context of...\" \/>\n<meta property=\"og:url\" content=\"https:\/\/guenaelfassier.com\/en\/produit\/kuyu-rattle-congo-wood-and-mineral-polychromy\/\" \/>\n<meta property=\"og:site_name\" content=\"Galerie Agama\" \/>\n<meta property=\"article:publisher\" content=\"https:\/\/www.facebook.com\/galerie.agama\" \/>\n<meta property=\"article:modified_time\" content=\"2020-02-13T14:42:37+00:00\" \/>\n<meta property=\"og:image\" content=\"https:\/\/guenaelfassier.com\/wp-content\/uploads\/2020\/02\/hochet-kuyu-congo-1.jpg\" \/>\n\t<meta property=\"og:image:width\" content=\"1200\" \/>\n\t<meta property=\"og:image:height\" content=\"1410\" \/>\n\t<meta property=\"og:image:type\" content=\"image\/jpeg\" \/>\n<script type=\"application\/ld+json\" class=\"yoast-schema-graph\">{\"@context\":\"https:\/\/schema.org\",\"@graph\":[{\"@type\":[\"WebPage\",\"ItemPage\"],\"@id\":\"https:\/\/guenaelfassier.com\/en\/produit\/kuyu-rattle-congo-wood-and-mineral-polychromy\/\",\"url\":\"https:\/\/guenaelfassier.com\/en\/produit\/kuyu-rattle-congo-wood-and-mineral-polychromy\/\",\"name\":\"Kuyu Rattle Congo Wood | Galerie Agama\",\"isPartOf\":{\"@id\":\"https:\/\/guenaelfassier.com\/en\/#website\"},\"primaryImageOfPage\":{\"@id\":\"https:\/\/guenaelfassier.com\/en\/produit\/kuyu-rattle-congo-wood-and-mineral-polychromy\/#primaryimage\"},\"image\":{\"@id\":\"https:\/\/guenaelfassier.com\/en\/produit\/kuyu-rattle-congo-wood-and-mineral-polychromy\/#primaryimage\"},\"thumbnailUrl\":\"https:\/\/guenaelfassier.com\/wp-content\/uploads\/2020\/02\/hochet-kuyu-congo-1.jpg\",\"datePublished\":\"2020-02-13T14:22:58+00:00\",\"dateModified\":\"2020-02-13T14:42:37+00:00\",\"description\":\"Kuyu rattle, Congo, wood and mineral polychromy. Kuyu puppet, Janus, with a nice patina of use and good wood oxidation. Used in the context of...\",\"breadcrumb\":{\"@id\":\"https:\/\/guenaelfassier.com\/en\/produit\/kuyu-rattle-congo-wood-and-mineral-polychromy\/#breadcrumb\"},\"inLanguage\":\"en-US\",\"potentialAction\":[{\"@type\":\"ReadAction\",\"target\":[\"https:\/\/guenaelfassier.com\/en\/produit\/kuyu-rattle-congo-wood-and-mineral-polychromy\/\"]}]},{\"@type\":\"ImageObject\",\"inLanguage\":\"en-US\",\"@id\":\"https:\/\/guenaelfassier.com\/en\/produit\/kuyu-rattle-congo-wood-and-mineral-polychromy\/#primaryimage\",\"url\":\"https:\/\/guenaelfassier.com\/wp-content\/uploads\/2020\/02\/hochet-kuyu-congo-1.jpg\",\"contentUrl\":\"https:\/\/guenaelfassier.com\/wp-content\/uploads\/2020\/02\/hochet-kuyu-congo-1.jpg\",\"width\":1200,\"height\":1410,\"caption\":\"kuyu-rattle-congo\"},{\"@type\":\"BreadcrumbList\",\"@id\":\"https:\/\/guenaelfassier.com\/en\/produit\/kuyu-rattle-congo-wood-and-mineral-polychromy\/#breadcrumb\",\"itemListElement\":[{\"@type\":\"ListItem\",\"position\":1,\"name\":\"Accueil\",\"item\":\"https:\/\/guenaelfassier.com\/en\/?page_id=363\"},{\"@type\":\"ListItem\",\"position\":2,\"name\":\"Shop\",\"item\":\"https:\/\/guenaelfassier.com\/en\/?page_id=271\"},{\"@type\":\"ListItem\",\"position\":3,\"name\":\"Kuyu rattle, Congo, wood and mineral polychromy\"}]},{\"@type\":\"WebSite\",\"@id\":\"https:\/\/guenaelfassier.com\/en\/#website\",\"url\":\"https:\/\/guenaelfassier.com\/en\/\",\"name\":\"Galerie Agama\",\"description\":\"Arts premier - Arts contemporains | Expositions, expertise, achat et vente\",\"publisher\":{\"@id\":\"https:\/\/guenaelfassier.com\/en\/#organization\"},\"potentialAction\":[{\"@type\":\"SearchAction\",\"target\":{\"@type\":\"EntryPoint\",\"urlTemplate\":\"https:\/\/guenaelfassier.com\/en\/?s={search_term_string}\"},\"query-input\":{\"@type\":\"PropertyValueSpecification\",\"valueRequired\":true,\"valueName\":\"search_term_string\"}}],\"inLanguage\":\"en-US\"},{\"@type\":\"Organization\",\"@id\":\"https:\/\/guenaelfassier.com\/en\/#organization\",\"name\":\"Gu\u00e9na\u00ebl Fassier\",\"url\":\"https:\/\/guenaelfassier.com\/en\/\",\"logo\":{\"@type\":\"ImageObject\",\"inLanguage\":\"en-US\",\"@id\":\"https:\/\/guenaelfassier.com\/en\/#\/schema\/logo\/image\/\",\"url\":\"https:\/\/guenaelfassier.com\/wp-content\/uploads\/2019\/10\/favicon.png\",\"contentUrl\":\"https:\/\/guenaelfassier.com\/wp-content\/uploads\/2019\/10\/favicon.png\",\"width\":32,\"height\":32,\"caption\":\"Gu\u00e9na\u00ebl Fassier\"},\"image\":{\"@id\":\"https:\/\/guenaelfassier.com\/en\/#\/schema\/logo\/image\/\"},\"sameAs\":[\"https:\/\/www.facebook.com\/galerie.agama\"]}]}<\/script>\n<!-- \/ Yoast SEO plugin. -->","yoast_head_json":{"title":"Kuyu Rattle Congo Wood | Galerie Agama","description":"Kuyu rattle, Congo, wood and mineral polychromy. Kuyu puppet, Janus, with a nice patina of use and good wood oxidation. Used in the context of...","robots":{"index":"index","follow":"follow","max-snippet":"max-snippet:-1","max-image-preview":"max-image-preview:large","max-video-preview":"max-video-preview:-1"},"canonical":"https:\/\/guenaelfassier.com\/en\/produit\/kuyu-rattle-congo-wood-and-mineral-polychromy\/","og_locale":"en_US","og_type":"article","og_title":"Kuyu Rattle Congo Wood | Galerie Agama","og_description":"Kuyu rattle, Congo, wood and mineral polychromy. Kuyu puppet, Janus, with a nice patina of use and good wood oxidation. Used in the context of...","og_url":"https:\/\/guenaelfassier.com\/en\/produit\/kuyu-rattle-congo-wood-and-mineral-polychromy\/","og_site_name":"Galerie Agama","article_publisher":"https:\/\/www.facebook.com\/galerie.agama","article_modified_time":"2020-02-13T14:42:37+00:00","og_image":[{"width":1200,"height":1410,"url":"https:\/\/guenaelfassier.com\/wp-content\/uploads\/2020\/02\/hochet-kuyu-congo-1.jpg","type":"image\/jpeg"}],"schema":{"@context":"https:\/\/schema.org","@graph":[{"@type":["WebPage","ItemPage"],"@id":"https:\/\/guenaelfassier.com\/en\/produit\/kuyu-rattle-congo-wood-and-mineral-polychromy\/","url":"https:\/\/guenaelfassier.com\/en\/produit\/kuyu-rattle-congo-wood-and-mineral-polychromy\/","name":"Kuyu Rattle Congo Wood | Galerie Agama","isPartOf":{"@id":"https:\/\/guenaelfassier.com\/en\/#website"},"primaryImageOfPage":{"@id":"https:\/\/guenaelfassier.com\/en\/produit\/kuyu-rattle-congo-wood-and-mineral-polychromy\/#primaryimage"},"image":{"@id":"https:\/\/guenaelfassier.com\/en\/produit\/kuyu-rattle-congo-wood-and-mineral-polychromy\/#primaryimage"},"thumbnailUrl":"https:\/\/guenaelfassier.com\/wp-content\/uploads\/2020\/02\/hochet-kuyu-congo-1.jpg","datePublished":"2020-02-13T14:22:58+00:00","dateModified":"2020-02-13T14:42:37+00:00","description":"Kuyu rattle, Congo, wood and mineral polychromy. Kuyu puppet, Janus, with a nice patina of use and good wood oxidation. Used in the context of...","breadcrumb":{"@id":"https:\/\/guenaelfassier.com\/en\/produit\/kuyu-rattle-congo-wood-and-mineral-polychromy\/#breadcrumb"},"inLanguage":"en-US","potentialAction":[{"@type":"ReadAction","target":["https:\/\/guenaelfassier.com\/en\/produit\/kuyu-rattle-congo-wood-and-mineral-polychromy\/"]}]},{"@type":"ImageObject","inLanguage":"en-US","@id":"https:\/\/guenaelfassier.com\/en\/produit\/kuyu-rattle-congo-wood-and-mineral-polychromy\/#primaryimage","url":"https:\/\/guenaelfassier.com\/wp-content\/uploads\/2020\/02\/hochet-kuyu-congo-1.jpg","contentUrl":"https:\/\/guenaelfassier.com\/wp-content\/uploads\/2020\/02\/hochet-kuyu-congo-1.jpg","width":1200,"height":1410,"caption":"kuyu-rattle-congo"},{"@type":"BreadcrumbList","@id":"https:\/\/guenaelfassier.com\/en\/produit\/kuyu-rattle-congo-wood-and-mineral-polychromy\/#breadcrumb","itemListElement":[{"@type":"ListItem","position":1,"name":"Accueil","item":"https:\/\/guenaelfassier.com\/en\/?page_id=363"},{"@type":"ListItem","position":2,"name":"Shop","item":"https:\/\/guenaelfassier.com\/en\/?page_id=271"},{"@type":"ListItem","position":3,"name":"Kuyu rattle, Congo, wood and mineral polychromy"}]},{"@type":"WebSite","@id":"https:\/\/guenaelfassier.com\/en\/#website","url":"https:\/\/guenaelfassier.com\/en\/","name":"Galerie Agama","description":"Arts premier - Arts contemporains | Expositions, expertise, achat et vente","publisher":{"@id":"https:\/\/guenaelfassier.com\/en\/#organization"},"potentialAction":[{"@type":"SearchAction","target":{"@type":"EntryPoint","urlTemplate":"https:\/\/guenaelfassier.com\/en\/?s={search_term_string}"},"query-input":{"@type":"PropertyValueSpecification","valueRequired":true,"valueName":"search_term_string"}}],"inLanguage":"en-US"},{"@type":"Organization","@id":"https:\/\/guenaelfassier.com\/en\/#organization","name":"Gu\u00e9na\u00ebl Fassier","url":"https:\/\/guenaelfassier.com\/en\/","logo":{"@type":"ImageObject","inLanguage":"en-US","@id":"https:\/\/guenaelfassier.com\/en\/#\/schema\/logo\/image\/","url":"https:\/\/guenaelfassier.com\/wp-content\/uploads\/2019\/10\/favicon.png","contentUrl":"https:\/\/guenaelfassier.com\/wp-content\/uploads\/2019\/10\/favicon.png","width":32,"height":32,"caption":"Gu\u00e9na\u00ebl Fassier"},"image":{"@id":"https:\/\/guenaelfassier.com\/en\/#\/schema\/logo\/image\/"},"sameAs":["https:\/\/www.facebook.com\/galerie.agama"]}]}},"_links":{"self":[{"href":"https:\/\/guenaelfassier.com\/en\/wp-json\/wp\/v2\/product\/1600","targetHints":{"allow":["GET"]}}],"collection":[{"href":"https:\/\/guenaelfassier.com\/en\/wp-json\/wp\/v2\/product"}],"about":[{"href":"https:\/\/guenaelfassier.com\/en\/wp-json\/wp\/v2\/types\/product"}],"replies":[{"embeddable":true,"href":"https:\/\/guenaelfassier.com\/en\/wp-json\/wp\/v2\/comments?post=1600"}],"wp:featuredmedia":[{"embeddable":true,"href":"https:\/\/guenaelfassier.com\/en\/wp-json\/wp\/v2\/media\/1587"}],"wp:attachment":[{"href":"https:\/\/guenaelfassier.com\/en\/wp-json\/wp\/v2\/media?parent=1600"}],"wp:term":[{"taxonomy":"product_brand","embeddable":true,"href":"https:\/\/guenaelfassier.com\/en\/wp-json\/wp\/v2\/product_brand?post=1600"},{"taxonomy":"product_cat","embeddable":true,"href":"https:\/\/guenaelfassier.com\/en\/wp-json\/wp\/v2\/product_cat?post=1600"},{"taxonomy":"product_tag","embeddable":true,"href":"https:\/\/guenaelfassier.com\/en\/wp-json\/wp\/v2\/product_tag?post=1600"}],"curies":[{"name":"wp","href":"https:\/\/api.w.org\/{rel}","templated":true}]}}