{"id":2457,"date":"2022-11-25T10:40:49","date_gmt":"2022-11-25T10:40:49","guid":{"rendered":"https:\/\/guenaelfassier.com\/galerie-agama\/"},"modified":"2022-11-25T10:40:51","modified_gmt":"2022-11-25T10:40:51","slug":"galerie-agama","status":"publish","type":"page","link":"https:\/\/guenaelfassier.com\/en\/galerie-agama\/","title":{"rendered":"Galerie Agama"},"content":{"rendered":"<div class=\"wpb-content-wrapper\"><p>[vc_row][vc_column][vc_custom_heading text=&#8221;Galerie Agama &#8211; Toulouse&#8221; google_fonts=&#8221;font_family:Lato%3A100%2C100italic%2C300%2C300italic%2Cregular%2Citalic%2C700%2C700italic%2C900%2C900italic|font_style:400%20regular%3A400%3Anormal&#8221; letter_spacing=&#8221;&#8221;][\/vc_column][\/vc_row][vc_row][vc_column][vc_column_text letter_spacing=&#8221;&#8221;]The Agama gallery was created in 2011 on the initiative of Gu\u00e9na\u00ebl Fassier, a former doctoral student in anthropology, specialist and tribal art dealer. An associative gallery intended to promote tribal arts and contemporary arts, by providing bridges between the two worlds, the gallery lives according to the temporary exhibitions presented there. She thus changes her face like a chameleon, or &#8220;Agama&#8221; in the Mina language (Togo). (see <a href=\"https:\/\/guenaelfassier.com\/en\/category\/exhibition-in-agama-gallery\/\">Exhibitions<\/a>).<\/p>\n<p>Gu\u00e9na\u00ebl Fassier offers you several special exhibitions through a collaboration with the AF gallery in Lom\u00e9. It presents their latest acquisitions in tribal art as well as their discoveries in contemporary art.[\/vc_column_text][\/vc_column][\/vc_row][vc_row][vc_column][vc_single_image image=&#8221;2444&#8243; img_size=&#8221;full&#8221;][\/vc_column][\/vc_row]<\/p>\n<\/div>","protected":false},"excerpt":{"rendered":"<p>[vc_row][vc_column][vc_custom_heading text=&#8221;Galerie Agama &#8211; Toulouse&#8221; google_fonts=&#8221;font_family:Lato%3A100%2C100italic%2C300%2C300italic%2Cregular%2Citalic%2C700%2C700italic%2C900%2C900italic|font_style:400%20regular%3A400%3Anormal&#8221; letter_spacing=&#8221;&#8221;][\/vc_column][\/vc_row][vc_row][vc_column][vc_column_text letter_spacing=&#8221;&#8221;]The Agama gallery was created in 2011 on the initiative of Gu\u00e9na\u00ebl Fassier, a former doctoral student in anthropology, specialist and tribal art dealer. An associative gallery intended to promote tribal arts and contemporary arts, by providing bridges between the two worlds, the gallery lives according to the temporary exhibitions presented there. She [&hellip;]<\/p>\n","protected":false},"author":2,"featured_media":0,"parent":0,"menu_order":0,"comment_status":"open","ping_status":"open","template":"page-templates\/full-width.php","meta":{"footnotes":""},"class_list":["post-2457","page","type-page","status-publish","hentry"],"yoast_head":"<!-- This site is optimized with the Yoast SEO plugin v27.0 - https:\/\/yoast.com\/product\/yoast-seo-wordpress\/ -->\n<title>Galerie Agama | Galerie Agama traditionnels<\/title>\n<meta name=\"description\" content=\"The Agama gallery was created in 2011 on the initiative of Gu\u00e9na\u00ebl Fassier...\" \/>\n<meta name=\"robots\" content=\"index, follow, max-snippet:-1, max-image-preview:large, max-video-preview:-1\" \/>\n<link rel=\"canonical\" href=\"https:\/\/guenaelfassier.com\/en\/galerie-agama\/\" \/>\n<meta property=\"og:locale\" content=\"en_US\" \/>\n<meta property=\"og:type\" content=\"article\" \/>\n<meta property=\"og:title\" content=\"Galerie Agama | Galerie Agama traditionnels\" \/>\n<meta property=\"og:description\" content=\"The Agama gallery was created in 2011 on the initiative of Gu\u00e9na\u00ebl Fassier...\" \/>\n<meta property=\"og:url\" content=\"https:\/\/guenaelfassier.com\/en\/galerie-agama\/\" \/>\n<meta property=\"og:site_name\" content=\"Galerie Agama\" \/>\n<meta property=\"article:publisher\" content=\"https:\/\/www.facebook.com\/galerie.agama\" \/>\n<meta property=\"article:modified_time\" content=\"2022-11-25T10:40:51+00:00\" \/>\n<meta property=\"og:image\" content=\"https:\/\/guenaelfassier.com\/wp-content\/uploads\/2019\/10\/vente-art-primitif-africain.png\" \/>\n\t<meta property=\"og:image:width\" content=\"1918\" \/>\n\t<meta property=\"og:image:height\" content=\"925\" \/>\n\t<meta property=\"og:image:type\" content=\"image\/png\" \/>\n<meta name=\"twitter:label1\" content=\"Est. reading time\" \/>\n\t<meta name=\"twitter:data1\" content=\"1 minute\" \/>\n<script type=\"application\/ld+json\" class=\"yoast-schema-graph\">{\"@context\":\"https:\/\/schema.org\",\"@graph\":[{\"@type\":\"WebPage\",\"@id\":\"https:\/\/guenaelfassier.com\/en\/galerie-agama\/\",\"url\":\"https:\/\/guenaelfassier.com\/en\/galerie-agama\/\",\"name\":\"Galerie Agama | Galerie Agama traditionnels\",\"isPartOf\":{\"@id\":\"https:\/\/guenaelfassier.com\/en\/#website\"},\"datePublished\":\"2022-11-25T10:40:49+00:00\",\"dateModified\":\"2022-11-25T10:40:51+00:00\",\"description\":\"The Agama gallery was created in 2011 on the initiative of Gu\u00e9na\u00ebl Fassier...\",\"breadcrumb\":{\"@id\":\"https:\/\/guenaelfassier.com\/en\/galerie-agama\/#breadcrumb\"},\"inLanguage\":\"en-US\",\"potentialAction\":[{\"@type\":\"ReadAction\",\"target\":[\"https:\/\/guenaelfassier.com\/en\/galerie-agama\/\"]}]},{\"@type\":\"BreadcrumbList\",\"@id\":\"https:\/\/guenaelfassier.com\/en\/galerie-agama\/#breadcrumb\",\"itemListElement\":[{\"@type\":\"ListItem\",\"position\":1,\"name\":\"Accueil\",\"item\":\"https:\/\/guenaelfassier.com\/en\/?page_id=363\"},{\"@type\":\"ListItem\",\"position\":2,\"name\":\"Galerie Agama\"}]},{\"@type\":\"WebSite\",\"@id\":\"https:\/\/guenaelfassier.com\/en\/#website\",\"url\":\"https:\/\/guenaelfassier.com\/en\/\",\"name\":\"Galerie Agama\",\"description\":\"Arts premier - Arts contemporains | Expositions, expertise, achat et vente\",\"publisher\":{\"@id\":\"https:\/\/guenaelfassier.com\/en\/#organization\"},\"potentialAction\":[{\"@type\":\"SearchAction\",\"target\":{\"@type\":\"EntryPoint\",\"urlTemplate\":\"https:\/\/guenaelfassier.com\/en\/?s={search_term_string}\"},\"query-input\":{\"@type\":\"PropertyValueSpecification\",\"valueRequired\":true,\"valueName\":\"search_term_string\"}}],\"inLanguage\":\"en-US\"},{\"@type\":\"Organization\",\"@id\":\"https:\/\/guenaelfassier.com\/en\/#organization\",\"name\":\"Gu\u00e9na\u00ebl Fassier\",\"url\":\"https:\/\/guenaelfassier.com\/en\/\",\"logo\":{\"@type\":\"ImageObject\",\"inLanguage\":\"en-US\",\"@id\":\"https:\/\/guenaelfassier.com\/en\/#\/schema\/logo\/image\/\",\"url\":\"https:\/\/guenaelfassier.com\/wp-content\/uploads\/2019\/10\/favicon.png\",\"contentUrl\":\"https:\/\/guenaelfassier.com\/wp-content\/uploads\/2019\/10\/favicon.png\",\"width\":32,\"height\":32,\"caption\":\"Gu\u00e9na\u00ebl Fassier\"},\"image\":{\"@id\":\"https:\/\/guenaelfassier.com\/en\/#\/schema\/logo\/image\/\"},\"sameAs\":[\"https:\/\/www.facebook.com\/galerie.agama\"]}]}<\/script>\n<!-- \/ Yoast SEO plugin. -->","yoast_head_json":{"title":"Galerie Agama | Galerie Agama traditionnels","description":"The Agama gallery was created in 2011 on the initiative of Gu\u00e9na\u00ebl Fassier...","robots":{"index":"index","follow":"follow","max-snippet":"max-snippet:-1","max-image-preview":"max-image-preview:large","max-video-preview":"max-video-preview:-1"},"canonical":"https:\/\/guenaelfassier.com\/en\/galerie-agama\/","og_locale":"en_US","og_type":"article","og_title":"Galerie Agama | Galerie Agama traditionnels","og_description":"The Agama gallery was created in 2011 on the initiative of Gu\u00e9na\u00ebl Fassier...","og_url":"https:\/\/guenaelfassier.com\/en\/galerie-agama\/","og_site_name":"Galerie Agama","article_publisher":"https:\/\/www.facebook.com\/galerie.agama","article_modified_time":"2022-11-25T10:40:51+00:00","og_image":[{"width":1918,"height":925,"url":"https:\/\/guenaelfassier.com\/wp-content\/uploads\/2019\/10\/vente-art-primitif-africain.png","type":"image\/png"}],"twitter_misc":{"Est. reading time":"1 minute"},"schema":{"@context":"https:\/\/schema.org","@graph":[{"@type":"WebPage","@id":"https:\/\/guenaelfassier.com\/en\/galerie-agama\/","url":"https:\/\/guenaelfassier.com\/en\/galerie-agama\/","name":"Galerie Agama | Galerie Agama traditionnels","isPartOf":{"@id":"https:\/\/guenaelfassier.com\/en\/#website"},"datePublished":"2022-11-25T10:40:49+00:00","dateModified":"2022-11-25T10:40:51+00:00","description":"The Agama gallery was created in 2011 on the initiative of Gu\u00e9na\u00ebl Fassier...","breadcrumb":{"@id":"https:\/\/guenaelfassier.com\/en\/galerie-agama\/#breadcrumb"},"inLanguage":"en-US","potentialAction":[{"@type":"ReadAction","target":["https:\/\/guenaelfassier.com\/en\/galerie-agama\/"]}]},{"@type":"BreadcrumbList","@id":"https:\/\/guenaelfassier.com\/en\/galerie-agama\/#breadcrumb","itemListElement":[{"@type":"ListItem","position":1,"name":"Accueil","item":"https:\/\/guenaelfassier.com\/en\/?page_id=363"},{"@type":"ListItem","position":2,"name":"Galerie Agama"}]},{"@type":"WebSite","@id":"https:\/\/guenaelfassier.com\/en\/#website","url":"https:\/\/guenaelfassier.com\/en\/","name":"Galerie Agama","description":"Arts premier - Arts contemporains | Expositions, expertise, achat et vente","publisher":{"@id":"https:\/\/guenaelfassier.com\/en\/#organization"},"potentialAction":[{"@type":"SearchAction","target":{"@type":"EntryPoint","urlTemplate":"https:\/\/guenaelfassier.com\/en\/?s={search_term_string}"},"query-input":{"@type":"PropertyValueSpecification","valueRequired":true,"valueName":"search_term_string"}}],"inLanguage":"en-US"},{"@type":"Organization","@id":"https:\/\/guenaelfassier.com\/en\/#organization","name":"Gu\u00e9na\u00ebl Fassier","url":"https:\/\/guenaelfassier.com\/en\/","logo":{"@type":"ImageObject","inLanguage":"en-US","@id":"https:\/\/guenaelfassier.com\/en\/#\/schema\/logo\/image\/","url":"https:\/\/guenaelfassier.com\/wp-content\/uploads\/2019\/10\/favicon.png","contentUrl":"https:\/\/guenaelfassier.com\/wp-content\/uploads\/2019\/10\/favicon.png","width":32,"height":32,"caption":"Gu\u00e9na\u00ebl Fassier"},"image":{"@id":"https:\/\/guenaelfassier.com\/en\/#\/schema\/logo\/image\/"},"sameAs":["https:\/\/www.facebook.com\/galerie.agama"]}]}},"_links":{"self":[{"href":"https:\/\/guenaelfassier.com\/en\/wp-json\/wp\/v2\/pages\/2457","targetHints":{"allow":["GET"]}}],"collection":[{"href":"https:\/\/guenaelfassier.com\/en\/wp-json\/wp\/v2\/pages"}],"about":[{"href":"https:\/\/guenaelfassier.com\/en\/wp-json\/wp\/v2\/types\/page"}],"author":[{"embeddable":true,"href":"https:\/\/guenaelfassier.com\/en\/wp-json\/wp\/v2\/users\/2"}],"replies":[{"embeddable":true,"href":"https:\/\/guenaelfassier.com\/en\/wp-json\/wp\/v2\/comments?post=2457"}],"version-history":[{"count":0,"href":"https:\/\/guenaelfassier.com\/en\/wp-json\/wp\/v2\/pages\/2457\/revisions"}],"wp:attachment":[{"href":"https:\/\/guenaelfassier.com\/en\/wp-json\/wp\/v2\/media?parent=2457"}],"curies":[{"name":"wp","href":"https:\/\/api.w.org\/{rel}","templated":true}]}}